{"id":193,"date":"2025-08-01T17:34:10","date_gmt":"2025-08-01T17:34:10","guid":{"rendered":"https:\/\/ceramicavivas.es\/?page_id=193"},"modified":"2025-08-01T17:34:10","modified_gmt":"2025-08-01T17:34:10","slug":"politica-de-cookies","status":"publish","type":"page","link":"https:\/\/ceramicavivas.es\/en\/politica-de-cookies\/","title":{"rendered":"Cookie Policy"},"content":{"rendered":"<p>Esta Pol\u00edtica de Cookies, forma parte de la Pol\u00edtica de Privacidad del sitio web alojado bajo el nombre de dominio www.appetitceramics.com (el \u201cSitio Web\u201d).<br>Utilizamos cookies para facilitar la navegaci\u00f3n, mejorar la calidad de nuestros servicios y mostrarle informaci\u00f3n relacionada con sus preferencias.<br>Esta Pol\u00edtica de Cookies es parte integrante de las Condiciones Generales y de la Pol\u00edtica de Privacidad. El acceso y la navegaci\u00f3n en el Sitio Web por el usuario, o el uso de los servicios del mismo, implican la aceptaci\u00f3n de las Condiciones Generales, de la Pol\u00edtica de Privacidad y Pol\u00edtica de Cookies. Por favor, l\u00e9alas atentamente.<br>Queremos que su experiencia en el sitio sea lo mejor posible, y por ese motivo hemos escrito esta Pol\u00edtica de Cookies de la forma m\u00e1s transparente posible.<\/p>\n\n\n\n<h4 class=\"wp-block-heading\">\u00bfQU\u00c9 SON LAS COOKIES?<\/h4>\n\n\n\n<p>Las cookies son archivos que contienen peque\u00f1as cantidades de informaci\u00f3n que se descargan en el dispositivo que el usuario utiliza cuando visita un sitio web. Su finalidad principal es reconocer al usuario cada vez que accede al Sitio Web y nos permite, adem\u00e1s, mejorar la calidad y la usabilidad de nuestra web.<br>Las cookies son esenciales para el funcionamiento de Internet; no pueden da\u00f1ar el equipo\/dispositivo del usuario y, si se encuentran activadas en la configuraci\u00f3n de tu navegador, nos ayudan a identificar y resolver posibles errores de funcionamiento del Sitio Web.<\/p>\n\n\n\n<h4 class=\"wp-block-heading\">TIPO DE COOKIES UTILIZADAS SEG\u00daN SU FINALIDAD<\/h4>\n\n\n\n<p>Cookies t\u00e9cnicas esenciales. Archivos necesarios para navegar y posibilitar o mantener la conexi\u00f3n del usuario a la web. Si las deshabilitas, es posible que alg\u00fan apartado de la web no funcione correctamente.<br>Cookies de personalizaci\u00f3n. Permiten recordar determinadas preferencias del usuario.<br>Cookies anal\u00edticas. A efectos de realizar un an\u00e1lisis estad\u00edstico anonimizado del uso de la web y poder mejorar su estructura y contenidos, CER\u00c1MICA VIVAS y terceros recopilan informaci\u00f3n relativa a la procedencia de los usuarios y su navegaci\u00f3n dentro de la web.<br>Cookies publicitarias. Utilizadas para gestionar los anuncios publicitados en la web, decidir el contenido y la frecuencia de los mismos<br>Cookies para compartici\u00f3n social. Estas cookies son necesarias para identificarte en tus redes sociales y as\u00ed permitirte compartir contenidos.<\/p>\n\n\n\n<h4 class=\"wp-block-heading\">\u00bfC\u00d3MO PUEDO HABILITAR, DESHABILITAR O BLOQUEAR COOKIES?<\/h4>\n\n\n\n<p>En funci\u00f3n del navegador utilizado el procedimiento y acceso a la gesti\u00f3n de cookies puede variar. Para facilitarte dicho proceso CER\u00c1MICA VIVAS pone a tu disposici\u00f3n los siguientes enlaces de distintos navegadores web a modo de consulta:<br>Google Chrome:\u00a0 https:\/\/support.google.com\/chrome\/answer\/95647?hl=es<br>Microsoft Explorer:\u00a0 https:\/\/privacy.microsoft.com\/es-es\/windows-10-microsoft-edge-and-privacy<br>Mozilla Firefox:\u00a0 https:\/\/support.mozilla.org\/es\/kb\/habilitar-y-deshabilitar-cookies-sitios-web-rastrear-preferencias<br>Apple Safari MacOS:\u00a0 https:\/\/support.apple.com\/es-es\/guide\/safari\/sfri11471\/mac<br>Apple Safari dispositivos iOS:\u00a0 https:\/\/support.apple.com\/es-es\/HT201265<br>Opera:\u00a0 http:\/\/help.opera.com\/Windows\/11.50\/es-ES\/cookies.html<\/p>\n\n\n\n<h4 class=\"wp-block-heading\">\u00bfACTUALIZAMOS LA POL\u00cdTICA DE COOKIES?<\/h4>\n\n\n\n<p>Es posible que actualicemos la Pol\u00edtica de Cookies de nuestro Sitio Web, por ello le recomendamos revisar esta pol\u00edtica cada vez que acceda a nuestro Sitio Web con el objetivo de estar adecuadamente informado sobre c\u00f3mo y para qu\u00e9 usamos las cookies.<\/p>\n\n\n\n<p><\/p>","protected":false},"excerpt":{"rendered":"<p>Esta Pol\u00edtica de Cookies, forma parte de la Pol\u00edtica de Privacidad del sitio web alojado bajo el nombre de dominio www.appetitceramics.com (el \u201cSitio Web\u201d).Utilizamos cookies para facilitar la navegaci\u00f3n, mejorar la calidad de nuestros servicios y mostrarle informaci\u00f3n relacionada con sus preferencias.Esta Pol\u00edtica de Cookies es parte integrante de las Condiciones Generales y de la [&hellip;]<\/p>","protected":false},"author":1,"featured_media":0,"parent":0,"menu_order":0,"comment_status":"closed","ping_status":"closed","template":"","meta":{"_breakdance_hide_in_design_set":false,"_breakdance_tags":"","footnotes":""},"class_list":["post-193","page","type-page","status-publish","hentry"],"_links":{"self":[{"href":"https:\/\/ceramicavivas.es\/en\/wp-json\/wp\/v2\/pages\/193","targetHints":{"allow":["GET"]}}],"collection":[{"href":"https:\/\/ceramicavivas.es\/en\/wp-json\/wp\/v2\/pages"}],"about":[{"href":"https:\/\/ceramicavivas.es\/en\/wp-json\/wp\/v2\/types\/page"}],"author":[{"embeddable":true,"href":"https:\/\/ceramicavivas.es\/en\/wp-json\/wp\/v2\/users\/1"}],"replies":[{"embeddable":true,"href":"https:\/\/ceramicavivas.es\/en\/wp-json\/wp\/v2\/comments?post=193"}],"version-history":[{"count":1,"href":"https:\/\/ceramicavivas.es\/en\/wp-json\/wp\/v2\/pages\/193\/revisions"}],"predecessor-version":[{"id":194,"href":"https:\/\/ceramicavivas.es\/en\/wp-json\/wp\/v2\/pages\/193\/revisions\/194"}],"wp:attachment":[{"href":"https:\/\/ceramicavivas.es\/en\/wp-json\/wp\/v2\/media?parent=193"}],"curies":[{"name":"wp","href":"https:\/\/api.w.org\/{rel}","templated":true}]}}