{"id":3,"date":"2025-06-02T08:57:43","date_gmt":"2025-06-02T08:57:43","guid":{"rendered":"https:\/\/ceramicavivas.es\/?page_id=3"},"modified":"2025-08-01T17:34:33","modified_gmt":"2025-08-01T17:34:33","slug":"politicas-privacidad","status":"publish","type":"page","link":"https:\/\/ceramicavivas.es\/en\/politicas-privacidad\/","title":{"rendered":"Pol\u00edticas de privacidad"},"content":{"rendered":"<p>\u00daltima actualizaci\u00f3n: 01 de Agosto de 2025<\/p>\n\n\n\n<p>Esta Pol\u00edtica de privacidad describe c\u00f3mo App\u00e9tit Ceramics (en adelante, el &#8220;Sitio&#8221;, &#8220;nosotros&#8221; o &#8220;nuestro&#8221;) recopila, utiliza y divulga su informaci\u00f3n personal al visitar o utilizar nuestros servicios, al realizar una compra en appetitceramics.com (en adelante, el &#8220;Sitio&#8221; ) o al comunicarse con nosotros de cualquier otra manera con respecto al Sitio (denominado de manera colectiva como, los &#8220;Servicios&#8221;). A los efectos de la presente Pol\u00edtica de privacidad, los t\u00e9rminos &#8220;usted&#8221; y &#8220;su&#8221; hacen referencia a usted como usuario de los Servicios, ya sea en calidad de cliente, visitante del sitio web o como cualquier otro individuo cuya informaci\u00f3n hayamos recopilado de conformidad con la presente Pol\u00edtica de privacidad.<\/p>\n\n\n\n<p>Lea atentamente la presente Pol\u00edtica de privacidad.<\/p>\n\n\n\n<h2 class=\"wp-block-heading\">Cambios en la presente Pol\u00edtica de privacidad<\/h2>\n\n\n\n<p>Esta Pol\u00edtica de privacidad se podr\u00e1 actualizar puntualmente para reflejar cambios en nuestras pr\u00e1cticas o por cualesquiera otras razones operativas, legales o normativas. Publicaremos la Pol\u00edtica de privacidad revisada en el Sitio, actualizaremos la fecha de &#8220;\u00daltima actualizaci\u00f3n&#8221; y tomaremos cualquier otra medida que pueda exigir la ley aplicable.<\/p>\n\n\n\n<h2 class=\"wp-block-heading\">Recopilaci\u00f3n y utilizaci\u00f3n de su informaci\u00f3n personal<\/h2>\n\n\n\n<p>Para prestar los Servicios, recopilamos informaci\u00f3n personal sobre usted de una variedad de fuentes, como se indica a continuaci\u00f3n. La informaci\u00f3n que recopilamos y utilizamos var\u00eda en funci\u00f3n de c\u00f3mo interact\u00faa con nosotros.<\/p>\n\n\n\n<p>Adem\u00e1s de los usos espec\u00edficos que se establecen a continuaci\u00f3n, podremos usar la informaci\u00f3n que recopilamos para comunicarnos con usted, proporcionarle o mejorar los Servicios, cumplir con cualquier obligaci\u00f3n legal aplicable, hacer cumplir los t\u00e9rminos de servicio aplicables y proteger o defender los Servicios, nuestros derechos, los de nuestros usuarios y los de otros.<\/p>\n\n\n\n<h3 class=\"wp-block-heading\">Informaci\u00f3n personal que recopilamos<\/h3>\n\n\n\n<p>Los tipos de informaci\u00f3n personal que obtenemos sobre usted dependen de c\u00f3mo interact\u00faa con nuestro Sitio y c\u00f3mo utiliza nuestros Servicios. El t\u00e9rmino &#8220;informaci\u00f3n personal&#8221; se utiliza para hacer referencia a la informaci\u00f3n que le identifica o describe individualmente, as\u00ed como a la informaci\u00f3n que puede relacionarse o asociarse a usted. Las secciones siguientes describen las categor\u00edas y tipos espec\u00edficos de informaci\u00f3n personal que recopilamos.<\/p>\n\n\n\n<h3 class=\"wp-block-heading\">Informaci\u00f3n que recopilamos directamente de usted<\/h3>\n\n\n\n<p>La informaci\u00f3n que nos env\u00eda directamente a trav\u00e9s de nuestros Servicios puede incluir lo siguiente:<\/p>\n\n\n\n<ul class=\"wp-block-list\">\n<li><strong>Detalles de contacto:<\/strong>&nbsp;incluye su nombre, direcci\u00f3n, n\u00famero de tel\u00e9fono y correo electr\u00f3nico.<\/li>\n\n\n\n<li><strong>Informaci\u00f3n del pedido:<\/strong>&nbsp;incluye su nombre, direcci\u00f3n de facturaci\u00f3n, direcci\u00f3n de env\u00edo, confirmaci\u00f3n de pago, direcci\u00f3n de correo electr\u00f3nico y n\u00famero de tel\u00e9fono.<\/li>\n\n\n\n<li><strong>Informaci\u00f3n de la cuenta:<\/strong>&nbsp;incluye su nombre de usuario, contrase\u00f1a, preguntas de seguridad y otra informaci\u00f3n utilizada con fines de seguridad de la cuenta.<\/li>\n\n\n\n<li><strong>Informaci\u00f3n de atenci\u00f3n al cliente:<\/strong>&nbsp;incluye la informaci\u00f3n que usted elige incluir en las comunicaciones con nosotros, como, por ejemplo, al enviar un mensaje a trav\u00e9s de los Servicios.<\/li>\n<\/ul>\n\n\n\n<p>Algunas caracter\u00edsticas de los Servicios pueden requerir que nos proporcione directamente cierta informaci\u00f3n sobre usted. Puede optar por no proporcionar estos datos; sin embargo, ello puede impedirle usar o acceder a estas funciones.<\/p>\n\n\n\n<h3 class=\"wp-block-heading\">Informaci\u00f3n que recopilamos sobre su uso<\/h3>\n\n\n\n<p>Tambi\u00e9n podemos recopilar autom\u00e1ticamente cierta informaci\u00f3n sobre su interacci\u00f3n con los Servicios (en adelante, &#8220;<strong>Datos de uso<\/strong>&#8220;). Para ello, podemos utilizar cookies, p\u00edxeles y tecnolog\u00edas similares (en adelante, &#8220;<strong>Cookies<\/strong>&#8220;). Los Datos de uso pueden incluir informaci\u00f3n sobre c\u00f3mo accede y utiliza nuestro Sitio y su cuenta, incluida informaci\u00f3n del dispositivo, informaci\u00f3n del navegador, informaci\u00f3n sobre su conexi\u00f3n de red, su direcci\u00f3n IP y otra informaci\u00f3n sobre su interacci\u00f3n con los Servicios.<\/p>\n\n\n\n<h3 class=\"wp-block-heading\">Informaci\u00f3n que obtenemos de terceros<\/h3>\n\n\n\n<p>Por \u00faltimo, podemos obtener informaci\u00f3n sobre usted de terceros, entre los que se incluyen vendedores y proveedores de servicios que pueden recopilar informaci\u00f3n en nuestro nombre, como por ejemplo:<\/p>\n\n\n\n<ul class=\"wp-block-list\">\n<li>Empresas que respaldan nuestro Sitio y Servicios, como Shopify.<\/li>\n\n\n\n<li>Nuestros procesadores de pagos, que recopilan informaci\u00f3n de pago (por ejemplo, cuenta bancaria, informaci\u00f3n de tarjeta de cr\u00e9dito o d\u00e9bito, direcci\u00f3n de facturaci\u00f3n) para procesar su pago con el fin de preparar sus pedidos y proporcionar los productos o servicios que ha solicitado y, de este modo, poder cumplir con nuestro contrato con usted.<\/li>\n\n\n\n<li>Al visitar nuestro Sitio, al abrir o hacer clic en los correos electr\u00f3nicos que le enviamos o al interactuar con nuestros Servicios o anuncios, nosotros, o los terceros con los que trabajamos, podremos recopilar autom\u00e1ticamente determinada informaci\u00f3n mediante tecnolog\u00edas de seguimiento online, como, por ejemplo, p\u00edxeles, balizas web, kits de desarrolladores de software, bibliotecas externas y cookies.<\/li>\n<\/ul>\n\n\n\n<p>Toda informaci\u00f3n que obtengamos de terceros se tratar\u00e1 de conformidad con la presente Pol\u00edtica de privacidad. Consulte tambi\u00e9n la siguiente secci\u00f3n,&nbsp;<em>Sitios web y enlaces de terceros.<\/em><\/p>\n\n\n\n<h3 class=\"wp-block-heading\">Utilizaci\u00f3n de su informaci\u00f3n personal<\/h3>\n\n\n\n<ul class=\"wp-block-list\">\n<li><strong>Prestaci\u00f3n de servicios y productos.<\/strong>&nbsp;Usamos su informaci\u00f3n personal para prestarle los Servicios y, de este modo, cumplir con nuestro contrato con usted, lo que incluye el procesamiento de sus pagos, la preparaci\u00f3n de los pedidos, el env\u00edo de notificaciones relacionadas con su cuenta, as\u00ed como con sus compras, devoluciones, cambios u otras transacciones, con el fin de crear, mantener y administrar su cuenta, organizar el env\u00edo, facilitar las devoluciones o los cambios, adem\u00e1s de otras caracter\u00edsticas y funcionalidades relacionadas con su cuenta. Tambi\u00e9n podemos mejorar su experiencia de compra al permitir que Shopify vincule su cuenta a otros servicios de Shopify que usted elija utilizar. En este caso, Shopify procesar\u00e1 su informaci\u00f3n seg\u00fan lo establecido en su Pol\u00edtica de privacidad y su Pol\u00edtica de privacidad del consumidor.<\/li>\n\n\n\n<li><strong>Marketing y publicidad.<\/strong>&nbsp;Podemos utilizar su informaci\u00f3n personal con fines promocionales y de marketing, como, por ejemplo, al enviarle comunicaciones promocionales, publicitarias y de marketing por correo electr\u00f3nico, mensaje de texto o correo postal, as\u00ed como para mostrarle anuncios de productos o servicios. Esto puede incluir el uso de su informaci\u00f3n personal para adaptar mejor los Servicios y la publicidad tanto en nuestro Sitio con en otros sitios web. Si es residente del EEE, la base legal de estas actividades de procesamiento de los datos es de nuestro inter\u00e9s leg\u00edtimo para la venta de nuestros productos, de conformidad con el art. 6 (1) (f) del RGPD.<\/li>\n\n\n\n<li><strong>Seguridad y prevenci\u00f3n de fraude.<\/strong>&nbsp;Utilizamos su informaci\u00f3n personal para detectar, investigar o tomar medidas respecto a posibles actividades fraudulentas, ilegales o maliciosas. Si elige utilizar los Servicios y registrar una cuenta, usted ser\u00e1 responsable de mantener seguras las credenciales de su cuenta. Recomendamos encarecidamente que no comparta con nadie su nombre de usuario, su contrase\u00f1a u otros detalles. Si cree que su cuenta se ha visto comprometida, p\u00f3ngase en contacto con nosotros de inmediato. Si es residente del EEE, la base legal de estas actividades de procesamiento de los datos es de nuestro inter\u00e9s leg\u00edtimo para mantener la seguridad de nuestro sitio web, tanto para usted como para otros clientes, de conformidad con el art. 6 (1) (f) del RGPD.<\/li>\n\n\n\n<li><strong>Comunicaciones y mejora del servicio.<\/strong>&nbsp;Utilizamos su informaci\u00f3n personal para prestarle servicios de atenci\u00f3n al cliente y mejorar nuestros Servicios. Esto es de nuestro inter\u00e9s leg\u00edtimo para poder responder ante usted, as\u00ed como para prestar servicios efectivos y mantener nuestra relaci\u00f3n comercial con usted de conformidad con el art. 6 (1) (f) del RGPD.<\/li>\n<\/ul>\n\n\n\n<h2 class=\"wp-block-heading\">Cookies<\/h2>\n\n\n\n<p>Al igual que ocurre con muchos otros sitios web, nuestro Sitio tambi\u00e9n utiliza cookies. Usamos Cookies para operar y mejorar nuestro Sitio y nuestros Servicios (lo que incluye recordar sus acciones y preferencias), as\u00ed como para realizar informes y estad\u00edsticas y comprender mejor la interacci\u00f3n del usuario con los Servicios (en nuestro inter\u00e9s leg\u00edtimo de administrar, mejorar y optimizar los Servicios). Tambi\u00e9n podemos permitir que terceros y proveedores de servicios utilicen Cookies en nuestro Sitio para personalizar mejor los servicios, productos y la publicidad de nuestro Sitio y otros sitios web.<\/p>\n\n\n\n<p>La mayor\u00eda de los navegadores aceptan las Cookies autom\u00e1ticamente de forma predeterminada, pero usted puede optar por configurar su navegador para que elimine o rechace las cookies a trav\u00e9s de los controles de su navegador. Tenga en cuenta que eliminar o bloquear las Cookies puede afectar negativamente a su experiencia de usuario y puede hacer que algunos de los Servicios, incluidas ciertas caracter\u00edsticas y funcionalidades generales, funcionen de manera incorrecta o dejen de estar disponibles. Adem\u00e1s, es posible que el bloqueo de Cookies no impida por completo compartir la informaci\u00f3n con terceros, como nuestros socios publicitarios.<\/p>\n\n\n\n<h2 class=\"wp-block-heading\">Divulgaci\u00f3n de su informaci\u00f3n personal<\/h2>\n\n\n\n<p>En determinadas circunstancias, podemos divulgar su informaci\u00f3n personal a terceros con fines de cumplimiento de contratos, fines leg\u00edtimos u otras razones en virtud de la presente Pol\u00edtica de privacidad. Tales circunstancias pueden incluir las siguientes:<\/p>\n\n\n\n<ul class=\"wp-block-list\">\n<li>Con proveedores u otros terceros que prestan servicios en nuestro nombre (por ejemplo, gesti\u00f3n de TI, procesamiento de pagos, informes y estad\u00edsticas de datos, servicios de atenci\u00f3n al cliente, almacenamiento en la nube, preparaci\u00f3n y env\u00edo).<\/li>\n\n\n\n<li>Con socios comerciales y de marketing para mostrarle publicidad y prestarle servicios a usted. Nuestros socios comerciales y de marketing utilizar\u00e1n su informaci\u00f3n de acuerdo con sus propios avisos de privacidad.<\/li>\n\n\n\n<li>Cuando usted indica, solicita o consiente de cualquier otro modo que divulguemos cierta informaci\u00f3n a terceros, como, por ejemplo, para enviarle productos o mediante el uso de widgets de redes sociales o integraciones de inicio de sesi\u00f3n con su consentimiento.<\/li>\n\n\n\n<li>Con nuestras afiliados o de cualquier otro modo en el \u00e1mbito de nuestro grupo empresarial, en nuestro inter\u00e9s leg\u00edtimo de dirigir un negocio con \u00e9xito.<\/li>\n\n\n\n<li>En relaci\u00f3n con las transacciones comerciales, como, por ejemplo, fusiones o quiebras, para cumplir con las obligaciones legales aplicables (incluso responder a citaciones, \u00f3rdenes de registro y solicitudes similares), hacer cumplir los t\u00e9rminos de servicio aplicables y proteger o defender los Servicios, as\u00ed como nuestros derechos, los de nuestros usuarios y de otros.<\/li>\n<\/ul>\n\n\n\n<p>Divulgamos las siguientes categor\u00edas de informaci\u00f3n personal e informaci\u00f3n personal confidencial sobre los usuarios para los fines descritos anteriormente en&nbsp;<em>&#8220;Recopilaci\u00f3n y utilizaci\u00f3n de su informaci\u00f3n personal&#8221;<\/em>&nbsp;y&nbsp;<em>&#8220;Divulgaci\u00f3n de su informaci\u00f3n personal&#8221;<\/em>:<\/p>\n\n\n\n<figure class=\"wp-block-table\"><table class=\"has-fixed-layout\"><tbody><tr><th>Categor\u00eda<\/th><th>Categor\u00edas de destinatarios<\/th><\/tr><tr><td>Identificadores como detalles b\u00e1sicos de contacto e informaci\u00f3n espec\u00edfica de pedidos y cuentas-Informaci\u00f3n comercial, como datos de pedidos, informaci\u00f3n de compras e informaci\u00f3n de atenci\u00f3n al cliente.Internet u otra actividad de red similar, como datos de uso.Datos de geolocalizaci\u00f3n, como ubicaciones determinadas por una direcci\u00f3n IP u otras medidas t\u00e9cnicas.<\/td><td>Proveedores y terceros que prestan servicios en nuestro nombre (como proveedores de servicios de Internet, procesadores de pagos, socios de cumplimiento, socios de atenci\u00f3n al cliente y proveedores de informes y estad\u00edsticas de datos).Socios comerciales y de marketing.Afiliados<\/td><\/tr><\/tbody><\/table><\/figure>\n\n\n\n<p>No utilizamos ni divulgamos informaci\u00f3n personal confidencial sin su consentimiento o con el prop\u00f3sito de deducir caracter\u00edsticas sobre usted.<\/p>\n\n\n\n<p>Con su consentimiento, compartimos informaci\u00f3n personal con el fin de participar en actividades de publicidad y marketing como se indica a continuaci\u00f3n.<\/p>\n\n\n\n<h2 class=\"wp-block-heading\">Contenido generado por el usuario.<\/h2>\n\n\n\n<p>Los Servicios pueden permitirle publicar rese\u00f1as de productos y otro contenido generado por el usuario. Si elige enviar contenido generado por el usuario a cualquier \u00e1rea p\u00fablica de los Servicios, dicho contenido ser\u00e1 p\u00fablico y accesible para cualquier persona.<\/p>\n\n\n\n<p>No controlamos qui\u00e9n tendr\u00e1 acceso a la informaci\u00f3n que usted decida poner a disposici\u00f3n de otros. Asimismo, no podemos garantizar que las partes que tengan acceso a dicha informaci\u00f3n respeten o protejan su privacidad. No somos responsables de la privacidad o seguridad de ninguna informaci\u00f3n que usted ponga a disposici\u00f3n del p\u00fablico, ni de la exactitud, el uso o el mal uso de cualquier dato que divulgue a tercero o reciba de estos.<\/p>\n\n\n\n<h2 class=\"wp-block-heading\">Sitios web y enlaces de terceros<\/h2>\n\n\n\n<p>Nuestro Sitio puede proporcionar enlaces a sitios web u otras plataformas online operadas por terceros. Si sigue enlaces a sitios no afiliados o que no est\u00e1n bajo nuestro control, debe revisar sus pol\u00edticas de privacidad y seguridad, as\u00ed como otros t\u00e9rminos y condiciones. No garantizamos ni somos responsables de la privacidad o seguridad de dichos sitios, incluida la exactitud, integridad o fiabilidad de la informaci\u00f3n que se encuentra en ellos. La informaci\u00f3n que usted proporcione en sitios p\u00fablicos o semip\u00fablicos, incluida la informaci\u00f3n que comparta en plataformas de redes sociales externas, tambi\u00e9n puede ser visible para otros usuarios de los Servicios y\/o usuarios de dichas plataformas externas, sin limitaci\u00f3n en cuanto a su uso por nuestra parte o por la de terceros. Nuestra inclusi\u00f3n de dichos enlaces no implica, por s\u00ed sola, ning\u00fan tipo de promoci\u00f3n del contenido de dichas plataformas o de sus propietarios u operadores, excepto el divulgado en los Servicios.<\/p>\n\n\n\n<h2 class=\"wp-block-heading\">Datos de ni\u00f1os<\/h2>\n\n\n\n<p>Los Servicios no est\u00e1n destinados al uso por parte de ni\u00f1os, por lo que no recopilamos de manera intencionada ninguna informaci\u00f3n personal sobre ni\u00f1os. Si usted es padre o tutor de un ni\u00f1o que nos ha proporcionado su informaci\u00f3n personal, puede comunicarse con nosotros a trav\u00e9s de los detalles de contacto que se indican a continuaci\u00f3n para solicitar su eliminaci\u00f3n.<\/p>\n\n\n\n<p>A la fecha de entrada en vigor de la presente Pol\u00edtica de privacidad, no tenemos conocimiento real de que \u201ccompartamos\u201d o \u201cvendamos\u201d (entendiendo estos t\u00e9rminos tal como se definen en la ley aplicable) informaci\u00f3n personal de menores de 16 a\u00f1os.<\/p>\n\n\n\n<h2 class=\"wp-block-heading\">Seguridad y retenci\u00f3n de su informaci\u00f3n<\/h2>\n\n\n\n<p>Tenga en cuenta que ninguna medida de seguridad es perfecta o impenetrable, por lo que no podemos garantizar una &#8220;seguridad perfecta&#8221;. Adem\u00e1s, es posible que la informaci\u00f3n que nos env\u00ede no est\u00e9 segura mientras est\u00e9 en tr\u00e1nsito. Por lo tanto, recomendamos que no utilice canales inseguros para comunicar informaci\u00f3n sensible o confidencial.<\/p>\n\n\n\n<p>El tiempo de conservaci\u00f3n de su informaci\u00f3n personal depende de diferentes factores, como, por ejemplo, si necesitamos la informaci\u00f3n para mantener su cuenta, prestar los Servicios, cumplir con obligaciones legales, resolver disputas o hacer cumplir otros contratos y pol\u00edticas aplicables.<\/p>\n\n\n\n<h2 class=\"wp-block-heading\">Sus derechos<\/h2>\n\n\n\n<p>Dependiendo de d\u00f3nde viva, es posible que tenga algunos o todos los derechos que se enumeran a continuaci\u00f3n con respecto a su informaci\u00f3n personal. Sin embargo, tales derechos no son absolutos, por lo que pueden aplicarse solo en determinadas circunstancias, lo que nos permitir\u00eda rechazar su solicitud en determinados casos y seg\u00fan lo permita la ley.<\/p>\n\n\n\n<ul class=\"wp-block-list\">\n<li><strong>Derecho de acceso\/conocimiento<\/strong>: Es posible que tenga derecho a solicitar acceso a la informaci\u00f3n personal que tenemos sobre usted, incluidos los detalles relacionados con las formas en que usamos y compartimos su informaci\u00f3n.<\/li>\n\n\n\n<li><strong>Derecho de eliminaci\u00f3n<\/strong>: Es posible que tenga derecho a solicitar la eliminaci\u00f3n de la informaci\u00f3n personal que conservamos sobre usted.<\/li>\n\n\n\n<li><strong>Derecho de correcci\u00f3n<\/strong>: Es posible que tenga derecho a solicitar la correcci\u00f3n de la informaci\u00f3n personal err\u00f3nea que conservamos sobre usted.<\/li>\n\n\n\n<li><strong>Derecho de portabilidad<\/strong>: Es posible que tenga derecho a recibir una copia de la informaci\u00f3n personal que conservamos sobre usted y a solicitar su transferencia a un tercero, en determinadas circunstancias y con determinadas excepciones.<\/li>\n\n\n\n<li><strong>Derecho a darse de baja la venta, el uso compartido o el env\u00edo de publicidad dirigida<\/strong>: Es posible que tenga derecho a solicitar que no &#8220;vendamos&#8221; ni &#8220;compartamos&#8221; su informaci\u00f3n personal o que optemos por no procesar su informaci\u00f3n personal con fines de env\u00edo de &#8220;publicidad dirigida&#8221;, tal como se define en las leyes de privacidad aplicables. Tenga en cuenta que si visita nuestro Sitio con la se\u00f1al de preferencia de cancelaci\u00f3n del Control Global de Privacidad habilitada, dependiendo de d\u00f3nde se encuentre, esto se tratar\u00e1 como una solicitud de cancelaci\u00f3n de participaci\u00f3n en la &#8220;venta&#8221; o el &#8220;uso compartido&#8221; de informaci\u00f3n para el dispositivo y el navegador que utiliza para visitar el Sitio.<\/li>\n\n\n\n<li><strong>Restricci\u00f3n de procesamiento<\/strong>: Es posible que tenga derecho a solicitar que detengamos o restrinjamos el procesamiento de la informaci\u00f3n personal.<\/li>\n\n\n\n<li><strong>Revocaci\u00f3n del consentimiento<\/strong>: Siempre que dependamos de su consentimiento para procesar su informaci\u00f3n personal, es posible que tenga derecho a retirar dicho consentimiento.<\/li>\n\n\n\n<li><strong>Apelaci\u00f3n<\/strong>: Es posible que tenga derecho a apelar nuestra decisi\u00f3n si nos negamos a procesar su solicitud. Para ello, puede responder directamente a nuestra denegaci\u00f3n.<\/li>\n\n\n\n<li><strong>Gesti\u00f3n de las preferencias de comunicaci\u00f3n<\/strong>: Podemos enviarle correos electr\u00f3nicos promocionales y usted puede darse de baja en cualquier momento a trav\u00e9s de la opci\u00f3n para cancelar la suscripci\u00f3n que est\u00e1 disponible en los correos electr\u00f3nicos que enviamos. Si se da de baja, es posible que a\u00fan le enviemos correos electr\u00f3nicos no promocionales, como los relacionados con su cuenta o con los pedidos que haya realizado.<\/li>\n<\/ul>\n\n\n\n<p>Puede ejercer cualquiera de estos derechos donde se indica en nuestro Sitio o al ponerse en contacto con nosotros mediante los detalles de contacto que se proporcionan a continuaci\u00f3n.<\/p>\n\n\n\n<p>Sepa que el ejercicio de cualquiera de estos derechos no ser\u00e1 motivo de ning\u00fan tipo de discriminaci\u00f3n por nuestra parte. Es posible que necesitemos recopilar informaci\u00f3n de usted para verificar su identidad, como, por ejemplo, su direcci\u00f3n de correo electr\u00f3nico o informaci\u00f3n de su cuenta, antes de proporcionar una respuesta sustancial a la solicitud. De acuerdo con las leyes aplicables, usted puede designar a un agente autorizado para realizar solicitudes en su nombre para ejercer sus derechos. Antes de aceptar solicitudes de un agente, le exigiremos que proporcione pruebas de que usted ha autorizado a dicho agente para actuar en su nombre. Asimismo, es posible que necesitemos que verifique su identidad directamente con nosotros. Responderemos a su solicitud de manera oportuna tal como lo exige la ley aplicable.<\/p>\n\n\n\n<h2 class=\"wp-block-heading\">Reclamaciones<\/h2>\n\n\n\n<p>Si tiene alguna reclamaci\u00f3n sobre c\u00f3mo procesamos su informaci\u00f3n personal, p\u00f3ngase en contacto con nosotros a trav\u00e9s de los detalles de contacto que se proporcionan a continuaci\u00f3n. Si no est\u00e1 satisfecho con la respuesta que hemos proporcionado a su reclamaci\u00f3n, dependiendo de d\u00f3nde viva, puede tener derecho a apelar nuestra decisi\u00f3n poni\u00e9ndose en contacto con nosotros a trav\u00e9s de los detalles de contacto que se indican a continuaci\u00f3n, o bien a presentar su reclamaci\u00f3n ante la autoridad local competente en materia de protecci\u00f3n de datos. Para el EEE, encontrar\u00e1 una lista de las autoridades responsables de la supervisi\u00f3n de la protecci\u00f3n de datos&nbsp;<a href=\"https:\/\/edpb.europa.eu\/about-edpb\/about-edpb\/members_en\" target=\"_blank\" rel=\"noreferrer noopener\">aqu\u00ed<\/a>.<\/p>\n\n\n\n<h2 class=\"wp-block-heading\">Usuarios internacionales<\/h2>\n\n\n\n<p>Tenga en cuenta que podemos transferir, almacenar y procesar su informaci\u00f3n personal fuera del pa\u00eds en el que vive. Su informaci\u00f3n personal tambi\u00e9n se procesar\u00e1 con personal y proveedores de servicios de terceros y socios de dichos pa\u00edses.<\/p>\n\n\n\n<p>Si transferimos su informaci\u00f3n personal fuera de Europa, utilizaremos mecanismos de transferencia reconocidos, como las Cl\u00e1usulas Contractuales Est\u00e1ndar de la Comisi\u00f3n Europea o cualquier contrato equivalente emitido por la autoridad competente del Reino Unido, seg\u00fan corresponda, a menos que la transferencia de datos se realice a pa\u00edses que proporcionen un nivel de protecci\u00f3n adecuado.<\/p>\n\n\n\n<h2 class=\"wp-block-heading\">Contact<\/h2>\n\n\n\n<p>Si tiene alguna pregunta sobre nuestras pr\u00e1cticas de privacidad o sobre la presente Pol\u00edtica de privacidad, o bien si desea ejercer cualquiera de sus derechos, puede llamarnos por tel\u00e9fono, enviar un correo electr\u00f3nico a ceramica.vivas@gmail.com o ponerse en contacto con nosotros a trav\u00e9s de la direcci\u00f3n C\/ Francisco Navacerrada, 28 Madrid<\/p>\n\n\n\n<p>A efectos de las leyes de protecci\u00f3n de datos aplicables, y salvo que se indique expl\u00edcitamente lo contrario, somos los responsables de los datos de su informaci\u00f3n personal.<\/p>","protected":false},"excerpt":{"rendered":"<p>\u00daltima actualizaci\u00f3n: 01 de Agosto de 2025 Esta Pol\u00edtica de privacidad describe c\u00f3mo App\u00e9tit Ceramics (en adelante, el &#8220;Sitio&#8221;, &#8220;nosotros&#8221; o &#8220;nuestro&#8221;) recopila, utiliza y divulga su informaci\u00f3n personal al visitar o utilizar nuestros servicios, al realizar una compra en appetitceramics.com (en adelante, el &#8220;Sitio&#8221; ) o al comunicarse con nosotros de cualquier otra manera [&hellip;]<\/p>","protected":false},"author":1,"featured_media":0,"parent":0,"menu_order":0,"comment_status":"closed","ping_status":"closed","template":"","meta":{"_breakdance_hide_in_design_set":false,"_breakdance_tags":"","footnotes":""},"class_list":["post-3","page","type-page","status-publish","hentry"],"_links":{"self":[{"href":"https:\/\/ceramicavivas.es\/en\/wp-json\/wp\/v2\/pages\/3","targetHints":{"allow":["GET"]}}],"collection":[{"href":"https:\/\/ceramicavivas.es\/en\/wp-json\/wp\/v2\/pages"}],"about":[{"href":"https:\/\/ceramicavivas.es\/en\/wp-json\/wp\/v2\/types\/page"}],"author":[{"embeddable":true,"href":"https:\/\/ceramicavivas.es\/en\/wp-json\/wp\/v2\/users\/1"}],"replies":[{"embeddable":true,"href":"https:\/\/ceramicavivas.es\/en\/wp-json\/wp\/v2\/comments?post=3"}],"version-history":[{"count":2,"href":"https:\/\/ceramicavivas.es\/en\/wp-json\/wp\/v2\/pages\/3\/revisions"}],"predecessor-version":[{"id":195,"href":"https:\/\/ceramicavivas.es\/en\/wp-json\/wp\/v2\/pages\/3\/revisions\/195"}],"wp:attachment":[{"href":"https:\/\/ceramicavivas.es\/en\/wp-json\/wp\/v2\/media?parent=3"}],"curies":[{"name":"wp","href":"https:\/\/api.w.org\/{rel}","templated":true}]}}