{"id":31,"date":"2025-06-03T15:20:34","date_gmt":"2025-06-03T15:20:34","guid":{"rendered":"https:\/\/ceramicavivas.es\/?page_id=31"},"modified":"2025-10-27T18:34:25","modified_gmt":"2025-10-27T18:34:25","slug":"el-taller","status":"publish","type":"page","link":"https:\/\/ceramicavivas.es\/en\/el-taller\/","title":{"rendered":"The workshop"},"content":{"rendered":"<section class=\"bde-section-31-108 bde-section\">\n  \n  \n\t\n\n\n\n<div class=\"section-container\"><h1 class=\"bde-heading-31-109 bde-heading\">\nThe Workshop\n<\/h1><div class=\"bde-columns-31-110 bde-columns\"><div class=\"bde-column-31-111 bde-column\">\n  \n  \n\t\n\n\n\n<div class=\"bde-text-31-112 bde-text\" data-parallax=\"true\">\nTaller Cer\u00e1mica Vivas was born in 2022 in the heart of the Guindalera neighborhood, Madrid, as a space to create, share and reconnect with the essential through working with hands.<br><br>We believe in ceramics as a slow and conscious process that invites us to look carefully, working with commitment and respect for the craft, defending the heritage of craftsmanship and using quality materials.<br><br>Our pieces are designed to be used and enjoyed on a daily basis, claiming the beauty and functionality of everyday objects, combining tradition and contemporaneity.\n<\/div>\n<\/div><div class=\"bde-column-31-113 bde-column\" data-parallax=\"true\">\n  \n  \n\t\n\n\n\n<div class=\"bde-masker-31-114 bde-masker\"><img decoding=\"async\" class=\"bde-image2-31-115 bde-image2\" src=\"https:\/\/ceramicavivas.es\/wp-content\/uploads\/2025\/10\/IMG_5112-scaled.jpeg\" loading=\"lazy\" srcset=\"https:\/\/ceramicavivas.es\/wp-content\/uploads\/2025\/10\/IMG_5112-scaled.jpeg 1707w, https:\/\/ceramicavivas.es\/wp-content\/uploads\/2025\/10\/IMG_5112-200x300.jpeg 200w, https:\/\/ceramicavivas.es\/wp-content\/uploads\/2025\/10\/IMG_5112-683x1024.jpeg 683w, https:\/\/ceramicavivas.es\/wp-content\/uploads\/2025\/10\/IMG_5112-768x1152.jpeg 768w, https:\/\/ceramicavivas.es\/wp-content\/uploads\/2025\/10\/IMG_5112-1024x1536.jpeg 1024w, https:\/\/ceramicavivas.es\/wp-content\/uploads\/2025\/10\/IMG_5112-1365x2048.jpeg 1365w, https:\/\/ceramicavivas.es\/wp-content\/uploads\/2025\/10\/IMG_5112-8x12.jpeg 8w, https:\/\/ceramicavivas.es\/wp-content\/uploads\/2025\/10\/IMG_5112-600x900.jpeg 600w\" sizes=\"(max-width: 1707px) 100vw, 1707px\">\r\n<\/div>\n<\/div><\/div><\/div>\n<\/section><section class=\"bde-section-31-134 bde-section\">\n  \n  \n\t\n\n\n\n<div class=\"section-container\"><h1 class=\"bde-heading-31-135 bde-heading\">\nHow we work\n<\/h1><div class=\"bde-columns-31-136 bde-columns\"><div class=\"bde-column-31-137 bde-column\">\n  \n  \n\t\n\n\n\n<div class=\"bde-text-31-138 bde-text\" data-parallax=\"true\">\nAt Taller Cer\u00e1mica Vivas we work with a wide variety of materials and techniques. Our approach is open and seeks to deepen the creative process, technique and experimentation of all the possibilities that ceramics offers us.<br><br>Both in the production of pieces and in our classes, we use different types of clays: earthenware, stoneware and refractory clay of different shades, so we fire both low and high temperature, according to the characteristics and utility of each piece.\n<\/div>\n<\/div><div class=\"bde-column-31-139 bde-column\" data-parallax=\"true\">\n  \n  \n\t\n\n\n\n<div class=\"bde-masker-31-140 bde-masker\"><img decoding=\"async\" class=\"bde-image2-31-144 bde-image2\" src=\"https:\/\/ceramicavivas.es\/wp-content\/uploads\/2025\/10\/IMG_5064-scaled.jpeg\" loading=\"lazy\" srcset=\"https:\/\/ceramicavivas.es\/wp-content\/uploads\/2025\/10\/IMG_5064-scaled.jpeg 1707w, https:\/\/ceramicavivas.es\/wp-content\/uploads\/2025\/10\/IMG_5064-200x300.jpeg 200w, https:\/\/ceramicavivas.es\/wp-content\/uploads\/2025\/10\/IMG_5064-683x1024.jpeg 683w, https:\/\/ceramicavivas.es\/wp-content\/uploads\/2025\/10\/IMG_5064-768x1152.jpeg 768w, https:\/\/ceramicavivas.es\/wp-content\/uploads\/2025\/10\/IMG_5064-1024x1536.jpeg 1024w, https:\/\/ceramicavivas.es\/wp-content\/uploads\/2025\/10\/IMG_5064-1365x2048.jpeg 1365w, https:\/\/ceramicavivas.es\/wp-content\/uploads\/2025\/10\/IMG_5064-8x12.jpeg 8w, https:\/\/ceramicavivas.es\/wp-content\/uploads\/2025\/10\/IMG_5064-600x900.jpeg 600w\" sizes=\"(max-width: 1707px) 100vw, 1707px\">\r\n<\/div>\n<\/div><div class=\"bde-column-31-142 bde-column\">\n  \n  \n\t\n\n\n\n<div class=\"bde-text-31-143 bde-text\" data-parallax=\"true\">\nIn terms of decoration, we use engobes, oxides, commercial glazes, and signature glazes that we formulate in our own workshop, which allows us to achieve a wide range of finishes and room for research.<br><br>We offer the possibility of working on the potter's wheel, as well as with various hand modeling techniques.<br><br>Our workshop is equipped to offer a comfortable, complete and functional environment to work, designed for those who are just starting out in ceramics as well as for those who wish to deepen and perfect their technique.\n<\/div>\n<\/div><\/div><\/div>\n<\/section><section class=\"bde-section-31-130 bde-section\">\n              \n  \n  \n\t    \n      <div class=\"section-background-video\">\n              <video\n          autoplay\n muted\n playsinline\n loop\n>\n        <source src=\"https:\/\/ceramicavivas.es\/wp-content\/uploads\/2025\/10\/MVI_5160-01.mp4\" type=\"video\/mp4\" \/>\n      <\/video>\n      <\/div>\n\n\n  <div class=\"section-background-overlay\"><\/div>\n\n\n<div class=\"section-container\"><h1 class=\"bde-heading-31-131 bde-heading\">\nGive our classes as a gift\n<\/h1><div class=\"bde-text-31-132 bde-text\">\nWe offer personalized vouchers to give away a 4-hour initiation class. In this session we will learn how to create a mug and a plate completely from scratch with two hand modeling techniques, as well as how to decorate it to our liking. The vouchers include the name of the person to whom it is addressed and a brief presentation of the activity. The date of the gift voucher is open, so once the person receives it we get in touch to choose when to attend.\n<\/div><span class=\"dan-ripple-button-31-133 dan-ripple-button\" data-type=\"dan-ripple-button--from-top\">\n  <span class='dan-ripple-button__hover-fill'><\/span>\n  <span class='dan-ripple-button__pseudo' data-content='Compra tu regalo'>\n    <span class='dan-ripple-button__text'>\n    Buy your gift\n    <\/span>\n  <\/span>\n<\/span><\/div>\n<\/section>","protected":false},"excerpt":{"rendered":"<p>El Taller Taller Cer\u00e1mica Vivas nace en 2022 en pleno barrio de la Guindalera, Madrid, como un espacio para crear, compartir y reconectar con lo esencial a trav\u00e9s del trabajo con las manos.Creemos en la cer\u00e1mica como un proceso lento y consciente que nos invita a mirar con atenci\u00f3n, trabajando desde el compromiso y el [&hellip;]<\/p>","protected":false},"author":1,"featured_media":0,"parent":0,"menu_order":0,"comment_status":"closed","ping_status":"closed","template":"","meta":{"_breakdance_hide_in_design_set":false,"_breakdance_tags":"","footnotes":""},"class_list":["post-31","page","type-page","status-publish","hentry"],"_links":{"self":[{"href":"https:\/\/ceramicavivas.es\/en\/wp-json\/wp\/v2\/pages\/31","targetHints":{"allow":["GET"]}}],"collection":[{"href":"https:\/\/ceramicavivas.es\/en\/wp-json\/wp\/v2\/pages"}],"about":[{"href":"https:\/\/ceramicavivas.es\/en\/wp-json\/wp\/v2\/types\/page"}],"author":[{"embeddable":true,"href":"https:\/\/ceramicavivas.es\/en\/wp-json\/wp\/v2\/users\/1"}],"replies":[{"embeddable":true,"href":"https:\/\/ceramicavivas.es\/en\/wp-json\/wp\/v2\/comments?post=31"}],"version-history":[{"count":13,"href":"https:\/\/ceramicavivas.es\/en\/wp-json\/wp\/v2\/pages\/31\/revisions"}],"predecessor-version":[{"id":396,"href":"https:\/\/ceramicavivas.es\/en\/wp-json\/wp\/v2\/pages\/31\/revisions\/396"}],"wp:attachment":[{"href":"https:\/\/ceramicavivas.es\/en\/wp-json\/wp\/v2\/media?parent=31"}],"curies":[{"name":"wp","href":"https:\/\/api.w.org\/{rel}","templated":true}]}}