{"id":33,"date":"2025-06-03T15:20:52","date_gmt":"2025-06-03T15:20:52","guid":{"rendered":"https:\/\/ceramicavivas.es\/?page_id=33"},"modified":"2026-02-20T12:31:25","modified_gmt":"2026-02-20T12:31:25","slug":"clases","status":"publish","type":"page","link":"https:\/\/ceramicavivas.es\/en\/clases\/","title":{"rendered":"Classes"},"content":{"rendered":"<section class=\"bde-section-33-100 bde-section\">\n  \n  \n\t\n\n\n\n<div class=\"section-container\"><h1 class=\"bde-heading-33-101 bde-heading\">\nClasses\n<\/h1><div class=\"bde-columns-33-102 bde-columns\"><div class=\"bde-column-33-103 bde-column\">\n  \n  \n\t\n\n\n\n<div class=\"bde-text-33-104 bde-text\" data-parallax=\"true\">\nIn our workshop we offer group classes for all levels, in a relaxed and close atmosphere, where each person can progress at their own pace. We also organize special events and workshops for groups, come and create with us!\n<\/div>\n<\/div><div class=\"bde-column-33-105 bde-column\" data-parallax=\"true\">\n  \n  \n\t\n\n\n\n<div class=\"bde-masker-33-106 bde-masker\"><img decoding=\"async\" class=\"bde-image2-33-107 bde-image2\" src=\"https:\/\/paulanieto.soporteforesta.cloud\/wp-content\/uploads\/2025\/08\/ceramica-vivas-1-scaled.jpg\" loading=\"lazy\" srcset=\"https:\/\/paulanieto.soporteforesta.cloud\/wp-content\/uploads\/2025\/08\/ceramica-vivas-1-scaled.jpg 1706w, https:\/\/paulanieto.soporteforesta.cloud\/wp-content\/uploads\/2025\/08\/ceramica-vivas-1-200x300.jpg 200w, https:\/\/paulanieto.soporteforesta.cloud\/wp-content\/uploads\/2025\/08\/ceramica-vivas-1-683x1024.jpg 683w, https:\/\/paulanieto.soporteforesta.cloud\/wp-content\/uploads\/2025\/08\/ceramica-vivas-1-768x1152.jpg 768w, https:\/\/paulanieto.soporteforesta.cloud\/wp-content\/uploads\/2025\/08\/ceramica-vivas-1-1024x1536.jpg 1024w, https:\/\/paulanieto.soporteforesta.cloud\/wp-content\/uploads\/2025\/08\/ceramica-vivas-1-1365x2048.jpg 1365w, https:\/\/paulanieto.soporteforesta.cloud\/wp-content\/uploads\/2025\/08\/ceramica-vivas-1-600x900.jpg 600w\" sizes=\"(max-width: 1706px) 100vw, 1706px\">\r\n<\/div>\n<\/div><\/div><\/div>\n<\/section><section class=\"bde-section-33-108 bde-section\">\n  \n  \n\t\n\n\n\n<div class=\"section-container\"><div class=\"bde-columns-33-109 bde-columns\"><div class=\"bde-column-33-110 bde-column\">\n  \n  \n\t\n\n\n\n<h1 class=\"bde-heading-33-111 bde-heading\">\nRegular Classes\n<\/h1><img decoding=\"async\" class=\"bde-image2-33-112 bde-image2\" src=\"https:\/\/ceramicavivas.es\/wp-content\/uploads\/2025\/08\/ceramica-vivas-2-scaled.jpg\" loading=\"lazy\" srcset=\"https:\/\/ceramicavivas.es\/wp-content\/uploads\/2025\/08\/ceramica-vivas-2-scaled.jpg 1706w, https:\/\/ceramicavivas.es\/wp-content\/uploads\/2025\/08\/ceramica-vivas-2-200x300.jpg 200w, https:\/\/ceramicavivas.es\/wp-content\/uploads\/2025\/08\/ceramica-vivas-2-683x1024.jpg 683w, https:\/\/ceramicavivas.es\/wp-content\/uploads\/2025\/08\/ceramica-vivas-2-768x1152.jpg 768w, https:\/\/ceramicavivas.es\/wp-content\/uploads\/2025\/08\/ceramica-vivas-2-1024x1536.jpg 1024w, https:\/\/ceramicavivas.es\/wp-content\/uploads\/2025\/08\/ceramica-vivas-2-1365x2048.jpg 1365w, https:\/\/ceramicavivas.es\/wp-content\/uploads\/2025\/08\/ceramica-vivas-2-8x12.jpg 8w, https:\/\/ceramicavivas.es\/wp-content\/uploads\/2025\/08\/ceramica-vivas-2-600x900.jpg 600w\" sizes=\"(max-width: 1706px) 100vw, 1706px\"><div class=\"bde-text-33-113 bde-text\">\nGrupos reducidos en horarios fijos semanales. Trabajamos diferentes t\u00e9cnicas (torno, modelado a mano, acabados decorativos) adapt\u00e1ndonos al nivel y los intereses de cada alumno. Son perfectas para quienes buscan continuidad y evoluci\u00f3n en su proceso de aprendizaje con la cer\u00e1mica. Si te interesa apuntarte a nuestras clases de manera regular puedes ponerte en contacto aqu\u00ed y te informaremos sobre la disponibilidad.\n<\/div>\n<\/div><div class=\"bde-column-33-114 bde-column\">\n  \n  \n\t\n\n\n\n<h1 class=\"bde-heading-33-115 bde-heading\">\nInitiation course\n<\/h1><img decoding=\"async\" class=\"bde-image2-33-116 bde-image2\" src=\"https:\/\/ceramicavivas.es\/wp-content\/uploads\/2025\/08\/ceramica-vivas-3-scaled.jpg\" loading=\"lazy\" srcset=\"https:\/\/ceramicavivas.es\/wp-content\/uploads\/2025\/08\/ceramica-vivas-3-scaled.jpg 1706w, https:\/\/ceramicavivas.es\/wp-content\/uploads\/2025\/08\/ceramica-vivas-3-200x300.jpg 200w, https:\/\/ceramicavivas.es\/wp-content\/uploads\/2025\/08\/ceramica-vivas-3-683x1024.jpg 683w, https:\/\/ceramicavivas.es\/wp-content\/uploads\/2025\/08\/ceramica-vivas-3-768x1152.jpg 768w, https:\/\/ceramicavivas.es\/wp-content\/uploads\/2025\/08\/ceramica-vivas-3-1024x1536.jpg 1024w, https:\/\/ceramicavivas.es\/wp-content\/uploads\/2025\/08\/ceramica-vivas-3-1365x2048.jpg 1365w, https:\/\/ceramicavivas.es\/wp-content\/uploads\/2025\/08\/ceramica-vivas-3-8x12.jpg 8w, https:\/\/ceramicavivas.es\/wp-content\/uploads\/2025\/08\/ceramica-vivas-3-600x900.jpg 600w\" sizes=\"(max-width: 1706px) 100vw, 1706px\"><div class=\"bde-text-33-117 bde-text\">\nCursos puntuales de 2, 4 o 8 horas para quienes quieren tener un primer contacto con la cer\u00e1mica. Pensados para una experiencia creativa sin compromiso de continuidad. Si quieres conocer la disponibilidad y horarios de los talleres puedes escribirnos aqu\u00ed.<br><br>-  Curso iniciaci\u00f3n bol 2h: aprendemos a hacer un bol a mano mediante la t\u00e9cnica del pellizco y lo decoramos.<br><br>-  Curso taza y plato 4h: aprendemos a hacer una taza y un plato desde cero con dos t\u00e9cnicas diferentes de modelado a mano y los decoramos.<br><br>-  Curso de torno 8h: este curso se dividide en dos d\u00edas. El aprendemos el amasado del barro, el centrado de la pella y las llaves principales del trabajo en el torno. El segundo d\u00eda retorneamos las piezas, damos los acabados finales y las decoramos.   <br>\n<\/div>\n<\/div><div class=\"bde-column-33-118 bde-column\">\n  \n  \n\t\n\n\n\n<h1 class=\"bde-heading-33-119 bde-heading\">\nEvents\n<\/h1><img decoding=\"async\" class=\"bde-image2-33-120 bde-image2\" src=\"https:\/\/ceramicavivas.es\/wp-content\/uploads\/2025\/08\/ceramica-vivas-4-scaled.jpg\" loading=\"lazy\" srcset=\"https:\/\/ceramicavivas.es\/wp-content\/uploads\/2025\/08\/ceramica-vivas-4-scaled.jpg 1706w, https:\/\/ceramicavivas.es\/wp-content\/uploads\/2025\/08\/ceramica-vivas-4-200x300.jpg 200w, https:\/\/ceramicavivas.es\/wp-content\/uploads\/2025\/08\/ceramica-vivas-4-683x1024.jpg 683w, https:\/\/ceramicavivas.es\/wp-content\/uploads\/2025\/08\/ceramica-vivas-4-768x1152.jpg 768w, https:\/\/ceramicavivas.es\/wp-content\/uploads\/2025\/08\/ceramica-vivas-4-1024x1536.jpg 1024w, https:\/\/ceramicavivas.es\/wp-content\/uploads\/2025\/08\/ceramica-vivas-4-1365x2048.jpg 1365w, https:\/\/ceramicavivas.es\/wp-content\/uploads\/2025\/08\/ceramica-vivas-4-8x12.jpg 8w, https:\/\/ceramicavivas.es\/wp-content\/uploads\/2025\/08\/ceramica-vivas-4-600x900.jpg 600w\" sizes=\"(max-width: 1706px) 100vw, 1706px\"><div class=\"bde-text-33-121 bde-text\">\nAt Cer\u00e1mica Vivas we offer the rental of our workshop for events, teambuildings and group dynamics, using ceramics as a tool to foster creativity and collaboration. Creating together helps us to socialize, enhance teamwork and enjoy a unique experience.\n<\/div>\n<\/div><\/div><\/div>\n<\/section><section class=\"bde-section-33-122 bde-section\">\n              \n  \n  \n\t    \n      <div class=\"section-background-video\">\n              <video\n          autoplay\n muted\n playsinline\n loop\n>\n        <source src=\"https:\/\/ceramicavivas.es\/wp-content\/uploads\/2025\/08\/MVI_5106.mp4\" type=\"video\/mp4\" \/>\n      <\/video>\n      <\/div>\n\n\n  <div class=\"section-background-overlay\"><\/div>\n\n\n<div class=\"section-container\"><h1 class=\"bde-heading-33-123 bde-heading\">\nGive our classes as a gift\n<\/h1><div class=\"bde-text-33-124 bde-text\">\nWe offer personalized vouchers to give away a 4-hour initiation class. In this session we will learn how to create a mug and a plate completely from scratch with two hand modeling techniques, as well as how to decorate it to our liking. The vouchers include the name of the person to whom it is addressed and a brief presentation of the activity. The date of the gift voucher is open, so once the person receives it we get in touch to choose when to attend.\n<\/div><span class=\"dan-ripple-button-33-125 dan-ripple-button\" data-type=\"dan-ripple-button--from-top\">\n          \n            \n            \n\n    \n    \n    \n    \n    \n    <a class=\"breakdance-link dan-ripple-button__anchor\" href=\"Mailto: ceramica.vivas@gmail.com\" target=\"_self\" data-type=\"url\"  >\n\n    <span class='dan-ripple-button__hover-fill'><\/span>\n    <span class='dan-ripple-button__pseudo' data-content='Compra tu regalo'>\n      <span class='dan-ripple-button__text'>\n      Buy your gift\n      <\/span>\n    <\/span>\n      <\/a>\n\n<\/span><\/div>\n<\/section>","protected":false},"excerpt":{"rendered":"<p>Clases En nuestro taller ofrecemos clases en grupo para todos los niveles, en un ambiente relajado y cercano, donde cada persona puede avanzar a su ritmo. Tambi\u00e9n organizamos eventos y talleres especiales para grupos. \u00a1Ven a crear con nosotros! Clases Regulares Grupos reducidos en horarios fijos semanales. Trabajamos diferentes t\u00e9cnicas (torno, modelado a mano, acabados [&hellip;]<\/p>","protected":false},"author":1,"featured_media":0,"parent":0,"menu_order":0,"comment_status":"closed","ping_status":"closed","template":"","meta":{"_breakdance_hide_in_design_set":false,"_breakdance_tags":"","footnotes":""},"class_list":["post-33","page","type-page","status-publish","hentry"],"_links":{"self":[{"href":"https:\/\/ceramicavivas.es\/en\/wp-json\/wp\/v2\/pages\/33","targetHints":{"allow":["GET"]}}],"collection":[{"href":"https:\/\/ceramicavivas.es\/en\/wp-json\/wp\/v2\/pages"}],"about":[{"href":"https:\/\/ceramicavivas.es\/en\/wp-json\/wp\/v2\/types\/page"}],"author":[{"embeddable":true,"href":"https:\/\/ceramicavivas.es\/en\/wp-json\/wp\/v2\/users\/1"}],"replies":[{"embeddable":true,"href":"https:\/\/ceramicavivas.es\/en\/wp-json\/wp\/v2\/comments?post=33"}],"version-history":[{"count":10,"href":"https:\/\/ceramicavivas.es\/en\/wp-json\/wp\/v2\/pages\/33\/revisions"}],"predecessor-version":[{"id":413,"href":"https:\/\/ceramicavivas.es\/en\/wp-json\/wp\/v2\/pages\/33\/revisions\/413"}],"wp:attachment":[{"href":"https:\/\/ceramicavivas.es\/en\/wp-json\/wp\/v2\/media?parent=33"}],"curies":[{"name":"wp","href":"https:\/\/api.w.org\/{rel}","templated":true}]}}