{"id":52,"date":"2025-08-01T17:38:03","date_gmt":"2025-08-01T17:38:03","guid":{"rendered":"https:\/\/ceramicavivas.es\/?page_id=52"},"modified":"2025-10-08T17:59:07","modified_gmt":"2025-10-08T17:59:07","slug":"reembolso_devoluciones","status":"publish","type":"page","link":"https:\/\/ceramicavivas.es\/en\/reembolso_devoluciones\/","title":{"rendered":"Terminos &amp; condiciones"},"content":{"rendered":"<p>Cer\u00e1mica Vivas realiza env\u00edos en Espa\u00f1a a trav\u00e9s de Correos, en el caso de env\u00edo a domicilio, el precio depende de las dimensiones y del peso del paquete (precios aproximados):<\/p>\n\n\n\n<p>0 &#8211; 2 kg\u00a0 \u27a1 5\u20ac<\/p>\n\n\n\n<p>2 &#8211; 5 kg \u27a1 7\u20ac<\/p>\n\n\n\n<p>5 &#8211; 10 kg \u27a1 9\u20ac<\/p>\n\n\n\n<p>10 &#8211; 20 kg \u27a114\u20ac<\/p>\n\n\n\n<p>Los productos que haya en stock se enviar\u00e1n en el plazo de una semana a partir de la recepci\u00f3n del pedido y llegar\u00e1n, aproximadamente, una semana m\u00e1s tarde.<\/p>\n\n\n\n<p>Los productos realizados por encargo y productos fuera de stock tienen un plazo de entrega de 1 a 2 meses. Cada pieza se hace manualmente y el proceso es realizado con cuidado y esmero, lo que conlleva un plazo de entrega m\u00e1s largo. Aun as\u00ed, garantizo que valdr\u00e1 la pena la espera.<\/p>\n\n\n\n<p>Todas las piezas son \u00fanicas, por lo que pueden variar ligeramente respecto a las im\u00e1genes y presentar irregularidades propias de lo artesanal. No dudes en escribirme si tienes cualquier duda.<\/p>\n\n\n\n<h2 class=\"wp-block-heading\">Pol\u00edtica de reembolso<\/h2>\n\n\n\n<p><br>Si el pedido llegase con alg\u00fan desperfecto escribe un correo a ceramica.vivas@gmail.com en un plazo de 5 d\u00edas desde su recepci\u00f3n y mant\u00e9n el paquete en el estado en el que lo has recibido para que se pueda gestionar.<\/p>\n\n\n\n<p>Los productos personalizados no podr\u00e1n ser devueltos, en el caso de deterioro por la empresa de transporte se repetir\u00e1 la pieza pero no se devolver\u00e1 el dinero.<\/p>\n\n\n\n<p>Los talleres puntuales no tendr\u00e1n cambios ni devoluciones con un aviso de menos de 10 d\u00edas de antelaci\u00f3n a la fecha del taller contratado.<\/p>\n\n\n\n<p>Los talleres privados y las clases semanales no tendr\u00e1n cambios ni devoluci\u00f3n en ning\u00fan caso.<\/p>","protected":false},"excerpt":{"rendered":"<p>Cer\u00e1mica Vivas realiza env\u00edos en Espa\u00f1a a trav\u00e9s de Correos, en el caso de env\u00edo a domicilio, el precio depende de las dimensiones y del peso del paquete (precios aproximados): 0 &#8211; 2 kg\u00a0 \u27a1 5\u20ac 2 &#8211; 5 kg \u27a1 7\u20ac 5 &#8211; 10 kg \u27a1 9\u20ac 10 &#8211; 20 kg \u27a114\u20ac Los productos [&hellip;]<\/p>","protected":false},"author":1,"featured_media":0,"parent":0,"menu_order":0,"comment_status":"closed","ping_status":"closed","template":"","meta":{"_breakdance_hide_in_design_set":false,"_breakdance_tags":"","footnotes":""},"class_list":["post-52","page","type-page","status-publish","hentry"],"_links":{"self":[{"href":"https:\/\/ceramicavivas.es\/en\/wp-json\/wp\/v2\/pages\/52","targetHints":{"allow":["GET"]}}],"collection":[{"href":"https:\/\/ceramicavivas.es\/en\/wp-json\/wp\/v2\/pages"}],"about":[{"href":"https:\/\/ceramicavivas.es\/en\/wp-json\/wp\/v2\/types\/page"}],"author":[{"embeddable":true,"href":"https:\/\/ceramicavivas.es\/en\/wp-json\/wp\/v2\/users\/1"}],"replies":[{"embeddable":true,"href":"https:\/\/ceramicavivas.es\/en\/wp-json\/wp\/v2\/comments?post=52"}],"version-history":[{"count":2,"href":"https:\/\/ceramicavivas.es\/en\/wp-json\/wp\/v2\/pages\/52\/revisions"}],"predecessor-version":[{"id":282,"href":"https:\/\/ceramicavivas.es\/en\/wp-json\/wp\/v2\/pages\/52\/revisions\/282"}],"wp:attachment":[{"href":"https:\/\/ceramicavivas.es\/en\/wp-json\/wp\/v2\/media?parent=52"}],"curies":[{"name":"wp","href":"https:\/\/api.w.org\/{rel}","templated":true}]}}