{"id":210,"date":"2025-09-09T16:18:25","date_gmt":"2025-09-09T16:18:25","guid":{"rendered":"https:\/\/ceramicavivas.es\/?post_type=product&#038;p=210"},"modified":"2025-10-22T16:52:50","modified_gmt":"2025-10-22T16:52:50","slug":"bol-pellizco","status":"publish","type":"product","link":"https:\/\/ceramicavivas.es\/en\/product\/bol-pellizco\/","title":{"rendered":"Pinch Bowl"},"content":{"rendered":"<p>Boles realizados mediante la t\u00e9cnica de pellizco, lo que los hace \u00fanicos en forma<\/p>\n<p>Opci\u00f3n en gres y barro de Bu\u00f1o<\/p>\n<p>Esmaltes propios formulados en el taller.<\/p>\n<p>Todos nuestros esmaltes son aptos para alimentaci\u00f3n<\/p>\n<p>&nbsp;<\/p>","protected":false},"excerpt":{"rendered":"<p>Medidas:<\/p>\n<p>Modelo peque\u00f1o 12cm di\u00e1metro y 7,5cm alto<\/p>\n<p>Modelo mediano 16cm di\u00e1metro y 8,5cm alto<\/p>\n<p>Al tratarse de un producto\u00a0hecho a mano, las medidas son aproximadas y puede haber peque\u00f1as diferencias en la decoraci\u00f3n respecto a la pieza de la imagen, no hay dos iguales y cada pieza es \u00fanica.<\/p>","protected":false},"featured_media":212,"comment_status":"open","ping_status":"closed","template":"","meta":{"wds_primary_product_brand":0,"wds_primary_product_cat":0},"product_brand":[],"product_cat":[16],"product_tag":[],"class_list":{"0":"post-210","1":"product","2":"type-product","3":"status-publish","4":"has-post-thumbnail","6":"product_cat-otros","8":"first","9":"instock","10":"shipping-taxable","11":"purchasable","12":"product-type-variable"},"_links":{"self":[{"href":"https:\/\/ceramicavivas.es\/en\/wp-json\/wp\/v2\/product\/210","targetHints":{"allow":["GET"]}}],"collection":[{"href":"https:\/\/ceramicavivas.es\/en\/wp-json\/wp\/v2\/product"}],"about":[{"href":"https:\/\/ceramicavivas.es\/en\/wp-json\/wp\/v2\/types\/product"}],"replies":[{"embeddable":true,"href":"https:\/\/ceramicavivas.es\/en\/wp-json\/wp\/v2\/comments?post=210"}],"wp:featuredmedia":[{"embeddable":true,"href":"https:\/\/ceramicavivas.es\/en\/wp-json\/wp\/v2\/media\/212"}],"wp:attachment":[{"href":"https:\/\/ceramicavivas.es\/en\/wp-json\/wp\/v2\/media?parent=210"}],"wp:term":[{"taxonomy":"product_brand","embeddable":true,"href":"https:\/\/ceramicavivas.es\/en\/wp-json\/wp\/v2\/product_brand?post=210"},{"taxonomy":"product_cat","embeddable":true,"href":"https:\/\/ceramicavivas.es\/en\/wp-json\/wp\/v2\/product_cat?post=210"},{"taxonomy":"product_tag","embeddable":true,"href":"https:\/\/ceramicavivas.es\/en\/wp-json\/wp\/v2\/product_tag?post=210"}],"curies":[{"name":"wp","href":"https:\/\/api.w.org\/{rel}","templated":true}]}}