{"id":242,"date":"2025-09-09T17:01:11","date_gmt":"2025-09-09T17:01:11","guid":{"rendered":"https:\/\/ceramicavivas.es\/?post_type=product&#038;p=242"},"modified":"2025-10-22T17:22:15","modified_gmt":"2025-10-22T17:22:15","slug":"bol-torno","status":"publish","type":"product","link":"https:\/\/ceramicavivas.es\/en\/product\/bol-torno\/","title":{"rendered":"Bol Torno"},"content":{"rendered":"<p>Boles torneados cocidos en alta temperatura<\/p>\n<p>Realizados en gres<\/p>\n<p>Esmaltes propios formulados en el taller.<\/p>\n<p>Todos nuestros esmaltes son aptos para alimentaci\u00f3n<\/p>\n<p>&nbsp;<\/p>\n<p>&nbsp;<\/p>","protected":false},"excerpt":{"rendered":"<p>Medidas:<\/p>\n<p>14cm di\u00e1metro<\/p>\n<p>7cm alto<\/p>\n<p>Al tratarse de un producto\u00a0hecho a mano, las medidas son aproximadas y puede haber peque\u00f1as diferencias en la decoraci\u00f3n respecto a la pieza de la imagen, no hay dos iguales y cada pieza es \u00fanica.<\/p>","protected":false},"featured_media":245,"comment_status":"open","ping_status":"closed","template":"","meta":{"wds_primary_product_brand":0,"wds_primary_product_cat":0},"product_brand":[],"product_cat":[16],"product_tag":[],"class_list":{"0":"post-242","1":"product","2":"type-product","3":"status-publish","4":"has-post-thumbnail","6":"product_cat-otros","8":"first","9":"instock","10":"shipping-taxable","11":"purchasable","12":"product-type-variable"},"_links":{"self":[{"href":"https:\/\/ceramicavivas.es\/en\/wp-json\/wp\/v2\/product\/242","targetHints":{"allow":["GET"]}}],"collection":[{"href":"https:\/\/ceramicavivas.es\/en\/wp-json\/wp\/v2\/product"}],"about":[{"href":"https:\/\/ceramicavivas.es\/en\/wp-json\/wp\/v2\/types\/product"}],"replies":[{"embeddable":true,"href":"https:\/\/ceramicavivas.es\/en\/wp-json\/wp\/v2\/comments?post=242"}],"wp:featuredmedia":[{"embeddable":true,"href":"https:\/\/ceramicavivas.es\/en\/wp-json\/wp\/v2\/media\/245"}],"wp:attachment":[{"href":"https:\/\/ceramicavivas.es\/en\/wp-json\/wp\/v2\/media?parent=242"}],"wp:term":[{"taxonomy":"product_brand","embeddable":true,"href":"https:\/\/ceramicavivas.es\/en\/wp-json\/wp\/v2\/product_brand?post=242"},{"taxonomy":"product_cat","embeddable":true,"href":"https:\/\/ceramicavivas.es\/en\/wp-json\/wp\/v2\/product_cat?post=242"},{"taxonomy":"product_tag","embeddable":true,"href":"https:\/\/ceramicavivas.es\/en\/wp-json\/wp\/v2\/product_tag?post=242"}],"curies":[{"name":"wp","href":"https:\/\/api.w.org\/{rel}","templated":true}]}}