{"id":247,"date":"2025-09-09T17:22:34","date_gmt":"2025-09-09T17:22:34","guid":{"rendered":"https:\/\/ceramicavivas.es\/?post_type=product&#038;p=247"},"modified":"2025-10-08T17:37:28","modified_gmt":"2025-10-08T17:37:28","slug":"candelabros","status":"publish","type":"product","link":"https:\/\/ceramicavivas.es\/en\/product\/candelabros\/","title":{"rendered":"Candlesticks"},"content":{"rendered":"<p>Medidas:<\/p>\n<p>Peque\u00f1o 15cm<\/p>\n<p>Mediano 18cm<\/p>\n<p>Grande 22,5cm<\/p>\n<p>Al tratarse de un producto\u00a0hecho a mano, las medidas son aproximadas y puede haber peque\u00f1as diferencias en la decoraci\u00f3n respecto a la pieza de la imagen, no hay dos iguales y cada pieza es \u00fanica.<\/p>","protected":false},"excerpt":{"rendered":"<p>Cocidos en alta temperatura<\/p>\n<p>Realizados en barro de bu\u00f1o en bruto, sin esmalte<\/p>\n<p>&nbsp;<\/p>","protected":false},"featured_media":250,"comment_status":"open","ping_status":"closed","template":"","meta":{"wds_primary_product_brand":0,"wds_primary_product_cat":0},"product_brand":[],"product_cat":[16],"product_tag":[],"class_list":{"0":"post-247","1":"product","2":"type-product","3":"status-publish","4":"has-post-thumbnail","6":"product_cat-otros","8":"first","9":"instock","10":"shipping-taxable","11":"purchasable","12":"product-type-variable"},"_links":{"self":[{"href":"https:\/\/ceramicavivas.es\/en\/wp-json\/wp\/v2\/product\/247","targetHints":{"allow":["GET"]}}],"collection":[{"href":"https:\/\/ceramicavivas.es\/en\/wp-json\/wp\/v2\/product"}],"about":[{"href":"https:\/\/ceramicavivas.es\/en\/wp-json\/wp\/v2\/types\/product"}],"replies":[{"embeddable":true,"href":"https:\/\/ceramicavivas.es\/en\/wp-json\/wp\/v2\/comments?post=247"}],"wp:featuredmedia":[{"embeddable":true,"href":"https:\/\/ceramicavivas.es\/en\/wp-json\/wp\/v2\/media\/250"}],"wp:attachment":[{"href":"https:\/\/ceramicavivas.es\/en\/wp-json\/wp\/v2\/media?parent=247"}],"wp:term":[{"taxonomy":"product_brand","embeddable":true,"href":"https:\/\/ceramicavivas.es\/en\/wp-json\/wp\/v2\/product_brand?post=247"},{"taxonomy":"product_cat","embeddable":true,"href":"https:\/\/ceramicavivas.es\/en\/wp-json\/wp\/v2\/product_cat?post=247"},{"taxonomy":"product_tag","embeddable":true,"href":"https:\/\/ceramicavivas.es\/en\/wp-json\/wp\/v2\/product_tag?post=247"}],"curies":[{"name":"wp","href":"https:\/\/api.w.org\/{rel}","templated":true}]}}